
{"id":1260,"date":"2017-12-06T16:44:17","date_gmt":"2017-12-06T15:44:17","guid":{"rendered":"http:\/\/ystadsstudenter.se\/?page_id=1260"},"modified":"2026-05-11T18:40:04","modified_gmt":"2026-05-11T17:40:04","slug":"front","status":"publish","type":"page","link":"https:\/\/ystadsstudenter.se\/","title":{"rendered":"Front"},"content":{"rendered":"<p style=\"text-align: left;\"><strong><span style=\"font-size: large;\"> V\u00e4lkomna till F\u00f6reningen Ystadsstudenter!<\/span><\/strong><\/p>\n<p style=\"text-align: left;\"><img loading=\"lazy\" decoding=\"async\" class=\"alignleft wp-image-574\" src=\"https:\/\/ystadsstudenter.se\/wp-content\/uploads\/2013\/05\/\u00d6sterportsskolan.jpg\" alt=\"\" width=\"354\" height=\"213\" srcset=\"https:\/\/ystadsstudenter.se\/wp-content\/uploads\/2013\/05\/\u00d6sterportsskolan.jpg 639w, https:\/\/ystadsstudenter.se\/wp-content\/uploads\/2013\/05\/\u00d6sterportsskolan-300x180.jpg 300w, https:\/\/ystadsstudenter.se\/wp-content\/uploads\/2013\/05\/\u00d6sterportsskolan-150x90.jpg 150w, https:\/\/ystadsstudenter.se\/wp-content\/uploads\/2013\/05\/\u00d6sterportsskolan-400x241.jpg 400w\" sizes=\"auto, (max-width: 354px) 100vw, 354px\" \/>N\u00e4sta \u00e5rsm\u00f6te och bankett kommer att anordnas den ? maj 2027 och inbjudningar kommer att skickas ut till alla dem som vi har mail adresser till.&nbsp;<br \/>\nHj\u00e4lp oss g\u00e4rna med att hitta mailadresser till dina skolkamrater.<br \/>\nMedlemsavgiften \u00e4r 150 kr och betalas genom ins\u00e4ttning till f\u00f6reningens bankgiro 5448\u20135305 eller till f\u00f6reningens konto p\u00e5 Sparbanken Syd 9570 003813750-1<br \/>\nFr\u00e5gor: kontakta Marie Juhlin 070 718 68 76 eller via e-post <a href=\"mailto:marie@juhlinstories.se\">marie@juhlinstories.se<\/a><\/p>\n<p>Du anm\u00e4ler dig <span style=\"color: #0000ff;\"><a style=\"color: #0000ff;\" href=\"https:\/\/ystadsstudenter.se\/?page_id=400\">h\u00e4r<\/a><\/span>!<\/p>\n<p>&nbsp;<\/p>\n<p>&nbsp;<\/p>\n<p style=\"text-align: left;\">&nbsp;<\/p>\n<p>&nbsp;<\/p>\n<p>&nbsp;<\/p>\n","protected":false},"excerpt":{"rendered":"<p>V\u00e4lkomna till F\u00f6reningen Ystadsstudenter! N\u00e4sta \u00e5rsm\u00f6te och bankett kommer att anordnas den ? maj 2027 och inbjudningar kommer att skickas ut till alla dem som vi har mail adresser till.&nbsp; Hj\u00e4lp oss g\u00e4rna med att hitta mailadresser till dina skolkamrater. Medlemsavgiften \u00e4r 150 kr och betalas genom ins\u00e4ttning till f\u00f6reningens bankgiro 5448\u20135305 eller till f\u00f6reningens [&hellip;]<\/p>\n","protected":false},"author":1,"featured_media":0,"parent":0,"menu_order":0,"comment_status":"closed","ping_status":"closed","template":"","meta":{"ngg_post_thumbnail":0,"ocean_post_layout":"","ocean_both_sidebars_style":"","ocean_both_sidebars_content_width":0,"ocean_both_sidebars_sidebars_width":0,"ocean_sidebar":"0","ocean_second_sidebar":"0","ocean_disable_margins":"enable","ocean_add_body_class":"","ocean_shortcode_before_top_bar":"","ocean_shortcode_after_top_bar":"","ocean_shortcode_before_header":"","ocean_shortcode_after_header":"","ocean_has_shortcode":"","ocean_shortcode_after_title":"","ocean_shortcode_before_footer_widgets":"","ocean_shortcode_after_footer_widgets":"","ocean_shortcode_before_footer_bottom":"","ocean_shortcode_after_footer_bottom":"","ocean_display_top_bar":"default","ocean_display_header":"default","ocean_header_style":"","ocean_center_header_left_menu":"0","ocean_custom_header_template":"0","ocean_custom_logo":0,"ocean_custom_retina_logo":0,"ocean_custom_logo_max_width":0,"ocean_custom_logo_tablet_max_width":0,"ocean_custom_logo_mobile_max_width":0,"ocean_custom_logo_max_height":0,"ocean_custom_logo_tablet_max_height":0,"ocean_custom_logo_mobile_max_height":0,"ocean_header_custom_menu":"0","ocean_menu_typo_font_family":"0","ocean_menu_typo_font_subset":"","ocean_menu_typo_font_size":0,"ocean_menu_typo_font_size_tablet":0,"ocean_menu_typo_font_size_mobile":0,"ocean_menu_typo_font_size_unit":"px","ocean_menu_typo_font_weight":"","ocean_menu_typo_font_weight_tablet":"","ocean_menu_typo_font_weight_mobile":"","ocean_menu_typo_transform":"","ocean_menu_typo_transform_tablet":"","ocean_menu_typo_transform_mobile":"","ocean_menu_typo_line_height":0,"ocean_menu_typo_line_height_tablet":0,"ocean_menu_typo_line_height_mobile":0,"ocean_menu_typo_line_height_unit":"","ocean_menu_typo_spacing":0,"ocean_menu_typo_spacing_tablet":0,"ocean_menu_typo_spacing_mobile":0,"ocean_menu_typo_spacing_unit":"","ocean_menu_link_color":"","ocean_menu_link_color_hover":"","ocean_menu_link_color_active":"","ocean_menu_link_background":"","ocean_menu_link_hover_background":"","ocean_menu_link_active_background":"","ocean_menu_social_links_bg":"","ocean_menu_social_hover_links_bg":"","ocean_menu_social_links_color":"","ocean_menu_social_hover_links_color":"","ocean_disable_title":"on","ocean_disable_heading":"default","ocean_post_title":"","ocean_post_subheading":"","ocean_post_title_style":"","ocean_post_title_background_color":"","ocean_post_title_background":0,"ocean_post_title_bg_image_position":"","ocean_post_title_bg_image_attachment":"","ocean_post_title_bg_image_repeat":"","ocean_post_title_bg_image_size":"","ocean_post_title_height":0,"ocean_post_title_bg_overlay":0.5,"ocean_post_title_bg_overlay_color":"","ocean_disable_breadcrumbs":"default","ocean_breadcrumbs_color":"","ocean_breadcrumbs_separator_color":"","ocean_breadcrumbs_links_color":"","ocean_breadcrumbs_links_hover_color":"","ocean_display_footer_widgets":"default","ocean_display_footer_bottom":"default","ocean_custom_footer_template":"0","footnotes":""},"class_list":["post-1260","page","type-page","status-publish","hentry","entry"],"_links":{"self":[{"href":"https:\/\/ystadsstudenter.se\/index.php?rest_route=\/wp\/v2\/pages\/1260","targetHints":{"allow":["GET"]}}],"collection":[{"href":"https:\/\/ystadsstudenter.se\/index.php?rest_route=\/wp\/v2\/pages"}],"about":[{"href":"https:\/\/ystadsstudenter.se\/index.php?rest_route=\/wp\/v2\/types\/page"}],"author":[{"embeddable":true,"href":"https:\/\/ystadsstudenter.se\/index.php?rest_route=\/wp\/v2\/users\/1"}],"replies":[{"embeddable":true,"href":"https:\/\/ystadsstudenter.se\/index.php?rest_route=%2Fwp%2Fv2%2Fcomments&post=1260"}],"version-history":[{"count":34,"href":"https:\/\/ystadsstudenter.se\/index.php?rest_route=\/wp\/v2\/pages\/1260\/revisions"}],"predecessor-version":[{"id":2188,"href":"https:\/\/ystadsstudenter.se\/index.php?rest_route=\/wp\/v2\/pages\/1260\/revisions\/2188"}],"wp:attachment":[{"href":"https:\/\/ystadsstudenter.se\/index.php?rest_route=%2Fwp%2Fv2%2Fmedia&parent=1260"}],"curies":[{"name":"wp","href":"https:\/\/api.w.org\/{rel}","templated":true}]}}